{"id":2196,"date":"2021-09-20T13:24:40","date_gmt":"2021-09-20T13:24:40","guid":{"rendered":"http:\/\/cliniq.bold-themes.com\/futuristic\/?page_id=2196"},"modified":"2024-12-02T21:55:41","modified_gmt":"2024-12-02T21:55:41","slug":"biography","status":"publish","type":"page","link":"https:\/\/felicianoserrano.com\/es\/biography\/","title":{"rendered":"Biograf\u00eda"},"content":{"rendered":"<p><section data-bb-version=\"5.2.2\" id=\"bt_bb_section69d43bbf6bce7\" class=\"bt_bb_section bt_bb_color_scheme_1 bt_bb_layout_boxed_1200 bt_bb_vertical_align_top bt_bb_top_spacing_large bt_bb_bottom_spacing_medium\" style=\"; --section-primary-color:#ffffff; --section-secondary-color:#1d1e21;\" data-bt-override-class=\"{&quot;bt_bb_top_spacing_&quot;:{&quot;current_class&quot;:&quot;bt_bb_top_spacing_large&quot;,&quot;xxl&quot;:&quot;large&quot;},&quot;bt_bb_bottom_spacing_&quot;:{&quot;current_class&quot;:&quot;bt_bb_bottom_spacing_medium&quot;,&quot;xxl&quot;:&quot;medium&quot;}}\"><div class=\"bt_bb_background_image_holder_wrapper\"><div class=\"bt_bb_background_image_holder btLazyLoadBackground bt_bb_parallax\"  data-background_image_src=\"https:\/\/felicianoserrano.com\/wp-content\/uploads\/2024\/09\/imagen_principal.jpg\" data-parallax=\"0.6\" data-parallax-offset=\"0\" data-parallax-zoom-start=\"1\" data-parallax-zoom-end=\"1\" data-parallax-blur-start=\"0\" data-parallax-blur-end=\"0\" data-parallax-opacity-start=\"1\" data-parallax-opacity-end=\"1\" style=\" background-image: url(&#039;https:\/\/felicianoserrano.com\/wp-content\/plugins\/bold-page-builder\/img\/blank.gif&#039;);\"><\/div><\/div><div class=\"bt_bb_port\"><div class=\"bt_bb_cell\"><div class=\"bt_bb_cell_inner\"><div class=\"bt_bb_row\"  data-bt-override-class=\"{}\"><div class=\"bt_bb_row_holder\" ><div data-bb-version=\"5.2.2\"  class=\"bt_bb_column col-xxl-12 col-xl-12 col-xs-12 col-sm-12 col-md-12 col-lg-12 bt_bb_vertical_align_top bt_bb_align_left bt_bb_padding_normal bt_bb_animation_fade_in animate bt_bb_blur_position_inner\" style=\"; --column-width:12;\" data-width=\"12\" data-bt-override-class=\"{&quot;bt_bb_align_&quot;:{&quot;current_class&quot;:&quot;bt_bb_align_left&quot;,&quot;xxl&quot;:&quot;left&quot;},&quot;bt_bb_padding_&quot;:{&quot;current_class&quot;:&quot;bt_bb_padding_normal&quot;,&quot;xxl&quot;:&quot;normal&quot;}}\"><div class=\"bt_bb_column_content\"><div class=\"bt_bb_column_content_inner\"><div data-bb-version=\"5.2.2\" class=\"bt_bb_separator bt_bb_border_style_none bt_bb_top_spacing_60 bt_bb_bottom_spacing_small bt_bb_hidden_xs bt_bb_hidden_ms bt_bb_hidden_sm\" data-bt-override-class=\"{&quot;bt_bb_top_spacing_&quot;:{&quot;current_class&quot;:&quot;bt_bb_top_spacing_60&quot;,&quot;xxl&quot;:&quot;60&quot;},&quot;bt_bb_bottom_spacing_&quot;:{&quot;current_class&quot;:&quot;bt_bb_bottom_spacing_small&quot;,&quot;xxl&quot;:&quot;small&quot;}}\"><\/div><header data-bb-version=\"5.2.2\" class=\"bt_bb_headline bt_bb_dash_none bt_bb_subheadline bt_bb_size_large bt_bb_align_inherit\" data-bt-override-class=\"{&quot;bt_bb_size_&quot;:{&quot;current_class&quot;:&quot;bt_bb_size_large&quot;,&quot;xxl&quot;:&quot;large&quot;},&quot;bt_bb_align_&quot;:{&quot;current_class&quot;:&quot;bt_bb_align_inherit&quot;,&quot;xxl&quot;:&quot;inherit&quot;}}\"><h1 class=\"bt_bb_headline_tag\"><span class=\"bt_bb_headline_content\"><span>Biograf\u00eda<\/span><\/span><\/h1><div class=\"bt_bb_headline_subheadline\">Me complace presentarme ante usted y su familia.<br \/><br \/>\n<\/div><\/header><div data-bb-version=\"5.2.2\" class=\"bt_bb_separator bt_bb_border_style_none bt_bb_top_spacing_normal bt_bb_bottom_spacing_extra_large bt_bb_hidden_xs bt_bb_hidden_ms bt_bb_hidden_sm\" data-bt-override-class=\"{&quot;bt_bb_top_spacing_&quot;:{&quot;current_class&quot;:&quot;bt_bb_top_spacing_normal&quot;,&quot;xxl&quot;:&quot;normal&quot;},&quot;bt_bb_bottom_spacing_&quot;:{&quot;current_class&quot;:&quot;bt_bb_bottom_spacing_extra_large&quot;,&quot;xxl&quot;:&quot;extra_large&quot;}}\"><\/div><\/div><\/div><\/div><\/div><\/div><div data-bb-version=\"5.1.6\" class=\"bt_bb_row\"  data-bt-override-class=\"{}\"><div class=\"bt_bb_row_holder\" ><div data-bb-version=\"5.1.6\"  class=\"bt_bb_column col-xxl-6 col-xl-6 col-xs-12 col-sm-6 col-md-6 col-lg-6 bt_bb_vertical_align_top bt_bb_align_left bt_bb_padding_normal\" style=\"; --column-width:6;\" data-width=\"6\" data-bt-override-class=\"{}\"><div class=\"bt_bb_column_content\"><div class=\"bt_bb_column_content_inner\"><div data-bb-version=\"5.2.3\" class=\"bt_bb_call_to_action bt_bb_style_light bt_bb_top_border bt_bb_left_border bt_bb_border_color_light btWithLink\" ><a href=\"https:\/\/felicianoserrano.com\/es\/contact\/\"  target=\"_self\" class=\"btLink\"><\/a><div class=\"bt_bb_call_to_action_title\"><header class=\"bt_bb_headline bt_bb_size_small\" data-bt-override-class=\"{}\"><h5 class=\"bt_bb_headline_tag\"><span class=\"bt_bb_headline_content\"><span>Agendar<br \/><br \/>\nCita<\/span><\/span><\/h5><\/header><\/div><div class=\"bt_bb_call_to_action_arrow\"><div class=\"bt_bb_icon bt_bb_style_filled bt_bb_size_small bt_bb_shape_circle bt_bb_text_empty bt_bb_align_inherit\" data-bt-override-class=\"{}\"><span  data-ico-arrow=\"&#xe900;\" class=\"bt_bb_icon_holder\"><\/span><\/div><\/div><div class=\"bt_bb_call_to_action_icon\"><div class=\"bt_bb_service bt_bb_style_borderless bt_bb_size_large btNoSupertitle btNoText\" data-bt-override-class=\"{}\"><span  data-ico-remixiconsbusiness=\"&#xe92d;\" class=\"bt_bb_icon_holder\"><\/span><div class=\"bt_bb_service_content\"><\/div><\/div><\/div><\/div><div class=\"bt_bb_separator bt_bb_border_style_none bt_bb_bottom_spacing_medium\" data-bt-override-class=\"null\"><\/div><\/div><\/div><\/div><div data-bb-version=\"5.1.6\"  class=\"bt_bb_column col-xxl-6 col-xl-6 col-xs-12 col-sm-6 col-md-6 col-lg-6 bt_bb_vertical_align_top bt_bb_align_left bt_bb_padding_normal\" style=\"; --column-width:6;\" data-width=\"6\" data-bt-override-class=\"{}\"><div class=\"bt_bb_column_content\"><div class=\"bt_bb_column_content_inner\"><div data-bb-version=\"5.1.2\" class=\"bt_bb_call_to_action bt_bb_style_light bt_bb_shape_soft-rounded bt_bb_top_right bt_bb_bottom_right bt_bb_top_border bt_bb_left_border bt_bb_border_color_light btWithLink bt_bb_background_image\"  style=\"background-image:url(&#039;https:\/\/felicianoserrano.com\/wp-content\/uploads\/2024\/09\/imagen_action_home_bg.jpg&#039;);\"><a href=\"https:\/\/felicianoserrano.com\/es\/contact\/\"  target=\"_self\" class=\"btLink\"><\/a><div class=\"bt_bb_call_to_action_title\"><header class=\"bt_bb_headline bt_bb_size_small\" data-bt-override-class=\"{}\"><h5 class=\"bt_bb_headline_tag\"><span class=\"bt_bb_headline_content\"><span>\u00bfTiene una Emergencia?<\/span><\/span><\/h5><\/header><\/div><div class=\"bt_bb_call_to_action_arrow\"><div class=\"bt_bb_icon bt_bb_style_filled bt_bb_size_small bt_bb_shape_circle bt_bb_text_empty bt_bb_align_inherit\" data-bt-override-class=\"{}\"><span  data-ico-arrow=\"&#xe900;\" class=\"bt_bb_icon_holder\"><\/span><\/div><\/div><div class=\"bt_bb_call_to_action_icon\"><div class=\"bt_bb_service bt_bb_style_borderless bt_bb_size_large btWithTitle btNoText\" data-bt-override-class=\"{}\"><span  data-ico-remixiconsdevice=\"&#xe94e;\" class=\"bt_bb_icon_holder\"><\/span><div class=\"bt_bb_service_content\"><div class=\"bt_bb_service_content_supertitle\">EMERGENCY LINE<\/div><div class=\"bt_bb_service_content_title\">(323) 585-6900<\/div><\/div><\/div><\/div><\/div><div class=\"bt_bb_separator bt_bb_border_style_none bt_bb_bottom_spacing_medium\" data-bt-override-class=\"null\"><\/div><\/div><\/div><\/div><\/div><\/div><\/div><!-- cell_inner --><\/div><!-- cell --><\/div><!-- port --><\/section><section data-bb-version=\"5.2.3\" id=\"bt_bb_section69d43bbf6ca61\" class=\"bt_bb_section bt_bb_color_scheme_8 bt_bb_layout_wide bt_bb_vertical_align_top bt_bb_top_spacing_none bt_bb_bottom_spacing_none\" style=\"; --section-primary-color:var(--alternate-color); --section-secondary-color:#ffffff;\" data-bt-override-class=\"{&quot;bt_bb_top_spacing_&quot;:{&quot;current_class&quot;:&quot;bt_bb_top_spacing_none&quot;,&quot;xxl&quot;:&quot;none&quot;},&quot;bt_bb_bottom_spacing_&quot;:{&quot;current_class&quot;:&quot;bt_bb_bottom_spacing_none&quot;,&quot;xxl&quot;:&quot;none&quot;},&quot;bt_bb_animation_&quot;:{&quot;current_class&quot;:&quot;bt_bb_animation_no_animation&quot;,&quot;xxl&quot;:&quot;no_animation&quot;}}\"><div class=\"bt_bb_port\"><div class=\"bt_bb_cell\"><div class=\"bt_bb_cell_inner\"><div class=\"bt_bb_row bt_bb_row_push_right bt_bb_content_wide bt_bb_row_width_boxed_1200 bt_bb_row_width_boxed  bt_bb_column_gap_0\" style=\"; --column-gap:0px;\" data-bt-override-class=\"{}\"><div class=\"bt_bb_row_holder\" ><div  class=\"bt_bb_column col-xxl-6 col-xl-6 col-xs-6 col-sm-6 col-md-7 col-lg-6 bt_bb_vertical_align_middle bt_bb_align_left bt_bb_padding_normal bt_bb_animation_fade_in animate\" style=\"; --column-width:6;\" data-width=\"6\" data-bt-override-class=\"{&quot;bt_bb_align_&quot;:{&quot;current_class&quot;:&quot;bt_bb_align_left&quot;,&quot;xxl&quot;:&quot;left&quot;,&quot;xl&quot;:&quot;left&quot;}}\"><div class=\"bt_bb_column_content\"><div class=\"bt_bb_column_content_inner\"><div class=\"bt_bb_separator bt_bb_border_style_none bt_bb_bottom_spacing_large\" data-bt-override-class=\"null\"><\/div><header data-bb-version=\"5.1.6\" class=\"bt_bb_headline bt_bb_dash_none bt_bb_subheadline bt_bb_size_large bt_bb_align_inherit\" data-bt-override-class=\"{&quot;bt_bb_size_&quot;:{&quot;current_class&quot;:&quot;bt_bb_size_large&quot;,&quot;xxl&quot;:&quot;large&quot;},&quot;bt_bb_align_&quot;:{&quot;current_class&quot;:&quot;bt_bb_align_inherit&quot;,&quot;xxl&quot;:&quot;inherit&quot;}}\"><h2 class=\"bt_bb_headline_tag\"><span class=\"bt_bb_headline_content\"><span>Feliciano Serrano M.D.<\/span><\/span><\/h2><div class=\"bt_bb_headline_subheadline\">ACGME Certified Physician also specialized in Nephrology (Kidney) and Endo-Vascular (Veins and Arteries) interventions<\/div><\/header><div class=\"bt_bb_separator bt_bb_border_style_none bt_bb_bottom_spacing_normal\" data-bt-override-class=\"null\"><\/div><div class=\"bt_bb_row_inner\"   data-bt-override-class=\"{}\"><div class=\"bt_bb_row_inner_holder\"  ><div  class=\"bt_bb_column_inner col-xxl-6 col-xl-6 col-xs-12 col-sm-12 col-md-12 col-lg-6 bt_bb_vertical_align_top bt_bb_align_left bt_bb_padding_normal\"  data-width=\"6\" data-bt-override-class=\"{}\"><div class=\"bt_bb_column_inner_content\"><div  class=\"bt_bb_text bt_bb_font_size_14\" ><\/p>\n<p>Soy el Dr. Feliciano Serrano y me pongo a sus \u00f3rdenes. Nac\u00ed en el \u00e1rea de Los Angeles, de padres Mexicanos, quienes me ense\u00f1aron que lo m\u00e1s valioso en la vida es ayudar a los dem\u00e1s<\/p>\n<p>El \u00e1rea del Este de Los Angeles donde crec\u00ed, es un barrio de escasos recursos econ\u00f3micos y familias marginadas, es por eso que una de mis metas en la vida es hacer una diferencia en mi comunidad, ofreciendo servicios m\u00e9dicos al alcance de todos.<\/p>\n<p>Estamos comprometidos en marcar una diferencia en nuestra comunidad: Huntington Park, Pico Rivera, San Gabriel, Inglewood, Compton, Downey, Whittier, Glendale, Pasadena, y el \u00e1rea de Los Angeles y California.<\/p>\n<p>\n<\/div><div class=\"bt_bb_separator bt_bb_border_style_none bt_bb_bottom_spacing_normal bt_bb_hidden_md bt_bb_hidden_lg\" data-bt-override-class=\"null\"><\/div><\/div><\/div><div  class=\"bt_bb_column_inner col-xxl-6 col-xl-6 col-xs-12 col-sm-12 col-md-12 col-lg-6 bt_bb_vertical_align_top bt_bb_align_left bt_bb_padding_normal\"  data-width=\"6\" data-bt-override-class=\"{}\"><div class=\"bt_bb_column_inner_content\"><div  class=\"bt_bb_text\" ><\/p>\n<p><strong>Entrenamiento Especial<\/strong><br \/>\nA lo largo de mi vida, he tenido la oportunidad de asistir a instituciones extraordinarias en mi comunidad, desde la Escuela Primaria Soto Street en el Este de los Angeles, hasta la Universidad del Sur de California, y la Escuela de Medicina Keck, tambi\u00e9n en el \u00e1rea Este de Los Angeles. Incluso hice mi internado y residencia en el Centro M\u00e9dico White Memorial. Durante toda mi experiencia educativa, me enfoqu\u00e9 en ayudar y aportar a la comunidad en donde crec\u00ed y en donde se form\u00f3 mi visi\u00f3n de vida. A pesar de haber logrado varias de mis metas educativas, no estaba convencido de que ten\u00eda las herramientas necesarias para ayudar a la gente m\u00e1s enferma de mi comunidad, por lo tanto, tome la decisi\u00f3n de especializarme en enfermedades del ri\u00f1\u00f3n, lo cual ahora es mi pasi\u00f3n.<\/p>\n<p>Tengo la distinci\u00f3n de ser uno de los pocos m\u00e9dicos en Estados Unidos que tiene tres especialidades. Adicionalmente, soy el primero nefr\u00f3logo que ha obtenido un certificado por esta nueva especializaci\u00f3n: \u201cespecialidad en intervenciones\u201d, de una escuela de medicina plenamente acreditada en Estados Unidos<\/p>\n<p>Esta especialidad tiene que ver con la intervenci\u00f3n vascular e encierra todo desde reparar venas y arterias hasta poner alambres en el coraz\u00f3n de una persona para as\u00ed poner \u201cstents\u201d (termino medico en ingl\u00e9s para c\u00e1nula intraluminal de arteria coronaria) en los principales vasos sangu\u00edneos.<\/p>\n<p>Como un nefr\u00f3logo plenamente biling\u00fce, soy capaz de proporcionar un alto nivel de entendimiento a aquellos que sufren de enfermedades del ri\u00f1\u00f3n y\/o aquellos que requieren de procedimientos de intervenci\u00f3n vascular. Estoy a sus \u00f3rdenes para servirlos a todos.<\/p>\n<p>\n<\/div><div class=\"bt_bb_separator bt_bb_border_style_none bt_bb_bottom_spacing_normal\" data-bt-override-class=\"null\"><\/div><\/div><\/div><\/div><\/div><\/div><\/div><\/div><div data-bb-version=\"5.1.6\"  class=\"bt_bb_column col-xxl-1 col-xl-1 col-xs-1 col-sm-1 col-md-1 col-lg-1 bt_bb_vertical_align_top bt_bb_align_left bt_bb_padding_normal\" style=\"; --column-width:1;\" data-width=\"1\" data-bt-override-class=\"{&quot;bt_bb_align_&quot;:{&quot;current_class&quot;:&quot;bt_bb_align_left&quot;,&quot;xxl&quot;:&quot;left&quot;},&quot;bt_bb_padding_&quot;:{&quot;current_class&quot;:&quot;bt_bb_padding_normal&quot;,&quot;xxl&quot;:&quot;normal&quot;,&quot;xl&quot;:&quot;10&quot;,&quot;lg&quot;:&quot;10&quot;,&quot;md&quot;:&quot;10&quot;,&quot;sm&quot;:&quot;10&quot;,&quot;xs&quot;:&quot;10&quot;}}\"><div class=\"bt_bb_column_content\"><div class=\"bt_bb_column_content_inner\"><\/div><\/div><\/div><div data-bb-version=\"5.2.1\"  class=\"bt_bb_column col-xxl-5 col-xl-5 col-xs-5 col-sm-5 col-md-4 col-lg-5 bt_bb_vertical_align_top bt_bb_align_left btLazyLoadBackground bt_bb_column_background_image bt_bb_padding_normal bt_bb_animation_fade_in animate bt_bb_shape_soft-rounded bt_bb_bottom_left_shape\" style=\"background-image:url(&#039;https:\/\/felicianoserrano.com\/wp-content\/plugins\/bold-page-builder\/img\/blank.gif&#039;);; --column-width:5;\" data-background_image_src='https:\/\/felicianoserrano.com\/wp-content\/uploads\/2024\/11\/bio.jpeg' data-width=\"5\" data-bt-override-class=\"{&quot;bt_bb_align_&quot;:{&quot;current_class&quot;:&quot;bt_bb_align_left&quot;,&quot;xxl&quot;:&quot;left&quot;},&quot;bt_bb_padding_&quot;:{&quot;current_class&quot;:&quot;bt_bb_padding_normal&quot;,&quot;xxl&quot;:&quot;normal&quot;}}\"><div class=\"bt_bb_column_content\"><div class=\"bt_bb_column_content_inner\"><div data-bb-version=\"5.2.1\" class=\"bt_bb_image bt_bb_shape_square bt_bb_target_self bt_bb_align_right bt_bb_hover_style_simple bt_bb_content_display_always bt_bb_content_align_middle bt_bb_hidden_md bt_bb_hidden_lg bt_bb_hidden_xl\" data-bt-override-class=\"{&quot;bt_bb_align_&quot;:{&quot;current_class&quot;:&quot;bt_bb_align_right&quot;,&quot;xxl&quot;:&quot;right&quot;},&quot;bt_bb_content_display_&quot;:{&quot;current_class&quot;:&quot;bt_bb_content_display_always&quot;,&quot;xxl&quot;:&quot;always&quot;}}\"><span><img loading=\"lazy\" decoding=\"async\" width=\"1066\" height=\"1600\" src=\"https:\/\/felicianoserrano.com\/wp-content\/uploads\/2024\/11\/bio.jpeg\" class=\"attachment-full size-full\" alt=\"https:\/\/felicianoserrano.com\/wp-content\/uploads\/2024\/11\/bio.jpeg\" data-full_image_src=\"https:\/\/felicianoserrano.com\/wp-content\/uploads\/2024\/11\/bio.jpeg\" title=\"bio\" srcset=\"https:\/\/felicianoserrano.com\/wp-content\/uploads\/2024\/11\/bio.jpeg 1066w, https:\/\/felicianoserrano.com\/wp-content\/uploads\/2024\/11\/bio-640x961.jpeg 640w, https:\/\/felicianoserrano.com\/wp-content\/uploads\/2024\/11\/bio-768x1153.jpeg 768w, https:\/\/felicianoserrano.com\/wp-content\/uploads\/2024\/11\/bio-1023x1536.jpeg 1023w, https:\/\/felicianoserrano.com\/wp-content\/uploads\/2024\/11\/bio-8x12.jpeg 8w, https:\/\/felicianoserrano.com\/wp-content\/uploads\/2024\/11\/bio-320x480.jpeg 320w, https:\/\/felicianoserrano.com\/wp-content\/uploads\/2024\/11\/bio-720x1080.jpeg 720w, https:\/\/felicianoserrano.com\/wp-content\/uploads\/2024\/11\/bio-360x540.jpeg 360w\" sizes=\"(max-width: 1066px) 100vw, 1066px\" \/><\/span><\/div><\/div><\/div><\/div><\/div><\/div><\/div><!-- cell_inner --><\/div><!-- cell --><\/div><!-- port --><\/section><\/p>","protected":false},"excerpt":{"rendered":"","protected":false},"author":2,"featured_media":0,"parent":0,"menu_order":0,"comment_status":"closed","ping_status":"closed","template":"","meta":{"footnotes":""},"class_list":["post-2196","page","type-page","status-publish","hentry"],"_links":{"self":[{"href":"https:\/\/felicianoserrano.com\/es\/wp-json\/wp\/v2\/pages\/2196"}],"collection":[{"href":"https:\/\/felicianoserrano.com\/es\/wp-json\/wp\/v2\/pages"}],"about":[{"href":"https:\/\/felicianoserrano.com\/es\/wp-json\/wp\/v2\/types\/page"}],"author":[{"embeddable":true,"href":"https:\/\/felicianoserrano.com\/es\/wp-json\/wp\/v2\/users\/2"}],"replies":[{"embeddable":true,"href":"https:\/\/felicianoserrano.com\/es\/wp-json\/wp\/v2\/comments?post=2196"}],"version-history":[{"count":26,"href":"https:\/\/felicianoserrano.com\/es\/wp-json\/wp\/v2\/pages\/2196\/revisions"}],"predecessor-version":[{"id":3870,"href":"https:\/\/felicianoserrano.com\/es\/wp-json\/wp\/v2\/pages\/2196\/revisions\/3870"}],"wp:attachment":[{"href":"https:\/\/felicianoserrano.com\/es\/wp-json\/wp\/v2\/media?parent=2196"}],"curies":[{"name":"wp","href":"https:\/\/api.w.org\/{rel}","templated":true}]}}