{"id":3833,"date":"2024-11-22T18:06:50","date_gmt":"2024-11-22T18:06:50","guid":{"rendered":"https:\/\/new.felicianoserrano.com\/?page_id=3833"},"modified":"2024-12-02T22:01:33","modified_gmt":"2024-12-02T22:01:33","slug":"news","status":"publish","type":"page","link":"https:\/\/felicianoserrano.com\/es\/news\/","title":{"rendered":"News"},"content":{"rendered":"<p><section data-bb-version=\"5.1.6\" id=\"bt_bb_section69d43d5892f12\" class=\"bt_bb_section bt_bb_color_scheme_1 bt_bb_layout_boxed_1200 bt_bb_vertical_align_top bt_bb_top_spacing_large bt_bb_bottom_spacing_medium\" style=\"; --section-primary-color:#ffffff; --section-secondary-color:#1d1e21;\" data-bt-override-class=\"{&quot;bt_bb_top_spacing_&quot;:{&quot;current_class&quot;:&quot;bt_bb_top_spacing_large&quot;,&quot;xxl&quot;:&quot;large&quot;},&quot;bt_bb_bottom_spacing_&quot;:{&quot;current_class&quot;:&quot;bt_bb_bottom_spacing_medium&quot;,&quot;xxl&quot;:&quot;medium&quot;}}\"><div class=\"bt_bb_background_image_holder_wrapper\"><div class=\"bt_bb_background_image_holder btLazyLoadBackground bt_bb_parallax\"  data-background_image_src=\"https:\/\/felicianoserrano.com\/wp-content\/uploads\/2024\/10\/imagen_bio.jpg\" data-parallax=\"0.6\" data-parallax-offset=\"0\" data-parallax-zoom-start=\"1\" data-parallax-zoom-end=\"1\" data-parallax-blur-start=\"0\" data-parallax-blur-end=\"0\" data-parallax-opacity-start=\"1\" data-parallax-opacity-end=\"1\" style=\" background-image: url(&#039;https:\/\/felicianoserrano.com\/wp-content\/plugins\/bold-page-builder\/img\/blank.gif&#039;);\"><\/div><\/div><div class=\"bt_bb_port\"><div class=\"bt_bb_cell\"><div class=\"bt_bb_cell_inner\"><div class=\"bt_bb_row\"  data-bt-override-class=\"{}\"><div class=\"bt_bb_row_holder\" ><div  class=\"bt_bb_column col-xxl-12 col-xl-12 col-xs-12 col-sm-12 col-md-12 col-lg-12 bt_bb_vertical_align_top bt_bb_align_left bt_bb_padding_normal bt_bb_animation_fade_in animate\" style=\"; --column-width:12;\" data-width=\"12\" data-bt-override-class=\"{&quot;bt_bb_align_&quot;:{&quot;current_class&quot;:&quot;bt_bb_align_left&quot;,&quot;xxl&quot;:&quot;left&quot;,&quot;xl&quot;:&quot;left&quot;}}\"><div class=\"bt_bb_column_content\"><div class=\"bt_bb_column_content_inner\"><div data-bb-version=\"5.2.2\" class=\"bt_bb_separator bt_bb_border_style_none bt_bb_top_spacing_60 bt_bb_bottom_spacing_small bt_bb_hidden_xs bt_bb_hidden_ms bt_bb_hidden_sm\" data-bt-override-class=\"{&quot;bt_bb_top_spacing_&quot;:{&quot;current_class&quot;:&quot;bt_bb_top_spacing_60&quot;,&quot;xxl&quot;:&quot;60&quot;},&quot;bt_bb_bottom_spacing_&quot;:{&quot;current_class&quot;:&quot;bt_bb_bottom_spacing_small&quot;,&quot;xxl&quot;:&quot;small&quot;}}\"><\/div><header data-bb-version=\"5.2.2\" class=\"bt_bb_headline bt_bb_dash_none bt_bb_size_large bt_bb_align_inherit\" data-bt-override-class=\"{&quot;bt_bb_size_&quot;:{&quot;current_class&quot;:&quot;bt_bb_size_large&quot;,&quot;xxl&quot;:&quot;large&quot;},&quot;bt_bb_align_&quot;:{&quot;current_class&quot;:&quot;bt_bb_align_inherit&quot;,&quot;xxl&quot;:&quot;inherit&quot;}}\"><h1 class=\"bt_bb_headline_tag\"><span class=\"bt_bb_headline_content\"><span>Aviso Cl\u00ednico de Base de Datos de Pagos Abiertos<\/span><\/span><\/h1><\/header><div data-bb-version=\"5.2.2\" class=\"bt_bb_separator bt_bb_border_style_none bt_bb_top_spacing_normal bt_bb_bottom_spacing_extra_large bt_bb_hidden_xs bt_bb_hidden_ms bt_bb_hidden_sm\" data-bt-override-class=\"{&quot;bt_bb_top_spacing_&quot;:{&quot;current_class&quot;:&quot;bt_bb_top_spacing_normal&quot;,&quot;xxl&quot;:&quot;normal&quot;},&quot;bt_bb_bottom_spacing_&quot;:{&quot;current_class&quot;:&quot;bt_bb_bottom_spacing_extra_large&quot;,&quot;xxl&quot;:&quot;extra_large&quot;}}\"><\/div><\/div><\/div><\/div><\/div><\/div><div data-bb-version=\"5.2.1\" class=\"bt_bb_row  bt_bb_column_gap_40\" style=\"; --column-gap:40px;\" data-bt-override-class=\"{}\"><div class=\"bt_bb_row_holder\" ><div data-bb-version=\"5.1.6\"  class=\"bt_bb_column col-xxl-6 col-xl-6 col-xs-12 col-sm-6 col-md-6 col-lg-6 bt_bb_vertical_align_top bt_bb_align_left bt_bb_padding_normal\" style=\"; --column-width:6;\" data-width=\"6\" data-bt-override-class=\"{}\"><div class=\"bt_bb_column_content\"><div class=\"bt_bb_column_content_inner\"><div class=\"bt_bb_call_to_action bt_bb_style_light bt_bb_top_border bt_bb_left_border bt_bb_border_color_light btWithLink\" ><a href=\"https:\/\/felicianoserrano.com\/es\/contact\/\"  target=\"_self\" class=\"btLink\"><\/a><div class=\"bt_bb_call_to_action_title\"><header class=\"bt_bb_headline bt_bb_size_small\" data-bt-override-class=\"{}\"><h5 class=\"bt_bb_headline_tag\"><span class=\"bt_bb_headline_content\"><span>Agendar<br \/><br \/>\nCita<\/span><\/span><\/h5><\/header><\/div><div class=\"bt_bb_call_to_action_arrow\"><div class=\"bt_bb_icon bt_bb_style_filled bt_bb_size_small bt_bb_shape_circle bt_bb_text_empty bt_bb_align_inherit\" data-bt-override-class=\"{}\"><span  data-ico-arrow=\"&#xe900;\" class=\"bt_bb_icon_holder\"><\/span><\/div><\/div><div class=\"bt_bb_call_to_action_icon\"><div class=\"bt_bb_service bt_bb_style_borderless bt_bb_size_large btNoSupertitle btNoText\" data-bt-override-class=\"{}\"><span  data-ico-remixiconsbusiness=\"&#xe92d;\" class=\"bt_bb_icon_holder\"><\/span><div class=\"bt_bb_service_content\"><\/div><\/div><\/div><\/div><div class=\"bt_bb_separator bt_bb_border_style_none bt_bb_bottom_spacing_medium\" data-bt-override-class=\"null\"><\/div><\/div><\/div><\/div><div data-bb-version=\"5.1.6\"  class=\"bt_bb_column col-xxl-6 col-xl-6 col-xs-12 col-sm-6 col-md-6 col-lg-6 bt_bb_vertical_align_top bt_bb_align_left bt_bb_padding_normal\" style=\"; --column-width:6;\" data-width=\"6\" data-bt-override-class=\"{}\"><div class=\"bt_bb_column_content\"><div class=\"bt_bb_column_content_inner\"><div data-bb-version=\"5.1.2\" class=\"bt_bb_call_to_action bt_bb_style_light bt_bb_shape_soft-rounded bt_bb_top_right bt_bb_bottom_right bt_bb_top_border bt_bb_left_border bt_bb_border_color_light btWithLink bt_bb_background_image\"  style=\"background-image:url(&#039;https:\/\/felicianoserrano.com\/wp-content\/uploads\/2024\/09\/imagen_action_home_bg.jpg&#039;);\"><a href=\"https:\/\/felicianoserrano.com\/es\/contact\/\"  target=\"_self\" class=\"btLink\"><\/a><div class=\"bt_bb_call_to_action_title\"><header class=\"bt_bb_headline bt_bb_size_small\" data-bt-override-class=\"{}\"><h5 class=\"bt_bb_headline_tag\"><span class=\"bt_bb_headline_content\"><span>\u00bfTiene una Emergencia?<\/span><\/span><\/h5><\/header><\/div><div class=\"bt_bb_call_to_action_arrow\"><div class=\"bt_bb_icon bt_bb_style_filled bt_bb_size_small bt_bb_shape_circle bt_bb_text_empty bt_bb_align_inherit\" data-bt-override-class=\"{}\"><span  data-ico-arrow=\"&#xe900;\" class=\"bt_bb_icon_holder\"><\/span><\/div><\/div><div class=\"bt_bb_call_to_action_icon\"><div class=\"bt_bb_service bt_bb_style_borderless bt_bb_size_large btWithTitle btNoText\" data-bt-override-class=\"{}\"><span  data-ico-remixiconsdevice=\"&#xe94e;\" class=\"bt_bb_icon_holder\"><\/span><div class=\"bt_bb_service_content\"><div class=\"bt_bb_service_content_supertitle\">EMERGENCY LINE<\/div><div class=\"bt_bb_service_content_title\">(323) 585-6900<\/div><\/div><\/div><\/div><\/div><div class=\"bt_bb_separator bt_bb_border_style_none bt_bb_bottom_spacing_medium\" data-bt-override-class=\"null\"><\/div><\/div><\/div><\/div><\/div><\/div><\/div><!-- cell_inner --><\/div><!-- cell --><\/div><!-- port --><\/section><section data-bb-version=\"5.2.1\" id=\"bt_bb_section69d43d5894461\" class=\"bt_bb_section bt_bb_layout_boxed_1200 bt_bb_vertical_align_top bt_bb_top_spacing_45 bt_bb_bottom_spacing_none\"  data-bt-override-class=\"{&quot;bt_bb_top_spacing_&quot;:{&quot;current_class&quot;:&quot;bt_bb_top_spacing_45&quot;,&quot;xxl&quot;:&quot;45&quot;},&quot;bt_bb_bottom_spacing_&quot;:{&quot;current_class&quot;:&quot;bt_bb_bottom_spacing_none&quot;,&quot;xxl&quot;:&quot;none&quot;}}\"><div class=\"bt_bb_port\"><div class=\"bt_bb_cell\"><div class=\"bt_bb_cell_inner\"><div data-bb-version=\"5.2.1\" class=\"bt_bb_row\"  data-bt-override-class=\"{}\"><div class=\"bt_bb_row_holder\" ><div data-bb-version=\"5.2.3\"  class=\"bt_bb_column col-xxl-12 col-xl-12 col-xs-12 col-sm-12 col-md-12 col-lg-12 bt_bb_vertical_align_top bt_bb_align_left bt_bb_padding_normal\" style=\"padding 35px 0px;; --column-width:12;\" data-width=\"12\" data-bt-override-class=\"{&quot;bt_bb_align_&quot;:{&quot;current_class&quot;:&quot;bt_bb_align_left&quot;,&quot;xxl&quot;:&quot;left&quot;},&quot;bt_bb_padding_&quot;:{&quot;current_class&quot;:&quot;bt_bb_padding_normal&quot;,&quot;xxl&quot;:&quot;normal&quot;},&quot;bt_bb_animation_&quot;:{&quot;current_class&quot;:&quot;bt_bb_animation_no_animation&quot;,&quot;xxl&quot;:&quot;no_animation&quot;}}\"><div class=\"bt_bb_column_content\"><div class=\"bt_bb_column_content_inner\"><div data-bb-version=\"5.2.3\" class=\"bt_bb_separator bt_bb_border_style_none bt_bb_top_spacing_small bt_bb_bottom_spacing_small\" data-bt-override-class=\"{&quot;bt_bb_top_spacing_&quot;:{&quot;current_class&quot;:&quot;bt_bb_top_spacing_small&quot;,&quot;xxl&quot;:&quot;small&quot;},&quot;bt_bb_bottom_spacing_&quot;:{&quot;current_class&quot;:&quot;bt_bb_bottom_spacing_small&quot;,&quot;xxl&quot;:&quot;small&quot;}}\"><\/div><div data-bb-version=\"5.2.2\"  class=\"bt_bb_text\" ><\/p>\n<p>ESTE AVISO DESCRIBE EL PROGRAMA DE DIVULGACI\u00d3N DE PAGOS ABIERTOS QUE PROMUEVE LA TRANSPARENCIA Y LA RESPONSABILIDAD AL AYUDAR A LOS CONSUMIDORES A COMPRENDER LAS RELACIONES FINANCIERAS ENTRE LAS INDUSTRIAS FARMAC\u00c9UTICAS Y DE DISPOSITIVOS M\u00c9DICOS, LOS M\u00c9DICOS Y LOS HOSPITALES DE ENSE\u00d1ANZA.<\/p>\n<p>Solo con fines informativos, aqu\u00ed se proporciona un enlace a la p\u00e1gina web de Pagos Abiertos de los Centros Federales de Servicios de Medicare y Medicaid (CMS). La Ley Federal Sunshine de Pagos a M\u00e9dicos exige que se ponga a disposici\u00f3n del p\u00fablico informaci\u00f3n detallada sobre pagos y otros pagos de valor superior a diez d\u00f3lares ($10) de fabricantes de medicamentos, dispositivos m\u00e9dicos y productos biol\u00f3gicos a m\u00e9dicos y hospitales docentes.<\/p>\n<p>La base de datos de Open Payments se encuentra en el siguiente enlace: <a href=\"https:\/\/openpaymentsdata.cms.gov\" target=\"_blank\" rel=\"noopener noreferrer\">https:\/\/openpaymentsdata.cms.gov<\/a>.<\/p>\n<p>\n<\/div><div data-bb-version=\"5.2.3\" class=\"bt_bb_separator bt_bb_border_style_none bt_bb_top_spacing_medium bt_bb_bottom_spacing_medium\" data-bt-override-class=\"{&quot;bt_bb_top_spacing_&quot;:{&quot;current_class&quot;:&quot;bt_bb_top_spacing_medium&quot;,&quot;xxl&quot;:&quot;medium&quot;},&quot;bt_bb_bottom_spacing_&quot;:{&quot;current_class&quot;:&quot;bt_bb_bottom_spacing_medium&quot;,&quot;xxl&quot;:&quot;medium&quot;}}\"><\/div><\/div><\/div><\/div><\/div><\/div><\/div><!-- cell_inner --><\/div><!-- cell --><\/div><!-- port --><\/section><\/p>","protected":false},"excerpt":{"rendered":"","protected":false},"author":1,"featured_media":0,"parent":0,"menu_order":0,"comment_status":"closed","ping_status":"closed","template":"","meta":{"footnotes":""},"class_list":["post-3833","page","type-page","status-publish","hentry"],"_links":{"self":[{"href":"https:\/\/felicianoserrano.com\/es\/wp-json\/wp\/v2\/pages\/3833"}],"collection":[{"href":"https:\/\/felicianoserrano.com\/es\/wp-json\/wp\/v2\/pages"}],"about":[{"href":"https:\/\/felicianoserrano.com\/es\/wp-json\/wp\/v2\/types\/page"}],"author":[{"embeddable":true,"href":"https:\/\/felicianoserrano.com\/es\/wp-json\/wp\/v2\/users\/1"}],"replies":[{"embeddable":true,"href":"https:\/\/felicianoserrano.com\/es\/wp-json\/wp\/v2\/comments?post=3833"}],"version-history":[{"count":7,"href":"https:\/\/felicianoserrano.com\/es\/wp-json\/wp\/v2\/pages\/3833\/revisions"}],"predecessor-version":[{"id":3874,"href":"https:\/\/felicianoserrano.com\/es\/wp-json\/wp\/v2\/pages\/3833\/revisions\/3874"}],"wp:attachment":[{"href":"https:\/\/felicianoserrano.com\/es\/wp-json\/wp\/v2\/media?parent=3833"}],"curies":[{"name":"wp","href":"https:\/\/api.w.org\/{rel}","templated":true}]}}